{"id":811,"date":"2019-07-01T15:10:23","date_gmt":"2019-07-01T18:10:23","guid":{"rendered":"http:\/\/stoni.wgl-demo.net\/?page_id=811"},"modified":"2024-07-18T10:39:29","modified_gmt":"2024-07-18T13:39:29","slug":"servicos","status":"publish","type":"page","link":"https:\/\/www.flaviagoulart.com.br\/index.php\/servicos\/","title":{"rendered":"Servi\u00e7os"},"content":{"rendered":"\t\t<div data-elementor-type=\"wp-post\" data-elementor-id=\"811\" class=\"elementor elementor-811\" data-elementor-post-type=\"page\">\n\t\t\t\t\t\t<section class=\"elementor-section elementor-top-section elementor-element elementor-element-9f87fb7 wgl-add-background-text elementor-hidden-phone elementor-section-boxed elementor-section-height-default elementor-section-height-default wgl-animation-background-text\" data-id=\"9f87fb7\" data-element_type=\"section\">\n\t\t\t\t\t\t<div class=\"elementor-container elementor-column-gap-default\">\n\t\t\t\t\t<div class=\"elementor-column elementor-col-100 elementor-top-column elementor-element elementor-element-29e9b30\" data-id=\"29e9b30\" data-element_type=\"column\">\n\t\t\t<div class=\"elementor-widget-wrap elementor-element-populated\">\n\t\t\t\t\t\t<div class=\"elementor-element elementor-element-426ddde elementor-hidden-phone elementor-widget elementor-widget-spacer\" data-id=\"426ddde\" data-element_type=\"widget\" data-widget_type=\"spacer.default\">\n\t\t\t\t<div class=\"elementor-widget-container\">\n\t\t\t<style>\/*! elementor - v3.22.0 - 17-06-2024 *\/\n.elementor-column .elementor-spacer-inner{height:var(--spacer-size)}.e-con{--container-widget-width:100%}.e-con-inner>.elementor-widget-spacer,.e-con>.elementor-widget-spacer{width:var(--container-widget-width,var(--spacer-size));--align-self:var(--container-widget-align-self,initial);--flex-shrink:0}.e-con-inner>.elementor-widget-spacer>.elementor-widget-container,.e-con>.elementor-widget-spacer>.elementor-widget-container{height:100%;width:100%}.e-con-inner>.elementor-widget-spacer>.elementor-widget-container>.elementor-spacer,.e-con>.elementor-widget-spacer>.elementor-widget-container>.elementor-spacer{height:100%}.e-con-inner>.elementor-widget-spacer>.elementor-widget-container>.elementor-spacer>.elementor-spacer-inner,.e-con>.elementor-widget-spacer>.elementor-widget-container>.elementor-spacer>.elementor-spacer-inner{height:var(--container-widget-height,var(--spacer-size))}.e-con-inner>.elementor-widget-spacer.elementor-widget-empty,.e-con>.elementor-widget-spacer.elementor-widget-empty{position:relative;min-height:22px;min-width:22px}.e-con-inner>.elementor-widget-spacer.elementor-widget-empty .elementor-widget-empty-icon,.e-con>.elementor-widget-spacer.elementor-widget-empty .elementor-widget-empty-icon{position:absolute;top:0;bottom:0;left:0;right:0;margin:auto;padding:0;width:22px;height:22px}<\/style>\t\t<div class=\"elementor-spacer\">\n\t\t\t<div class=\"elementor-spacer-inner\"><\/div>\n\t\t<\/div>\n\t\t\t\t<\/div>\n\t\t\t\t<\/div>\n\t\t\t\t\t<\/div>\n\t\t<\/div>\n\t\t\t\t\t<\/div>\n\t\t<\/section>\n\t\t\t\t<section class=\"elementor-section elementor-top-section elementor-element elementor-element-4def9cd elementor-reverse-mobile elementor-section-boxed elementor-section-height-default elementor-section-height-default\" data-id=\"4def9cd\" data-element_type=\"section\">\n\t\t\t\t\t\t<div class=\"elementor-container elementor-column-gap-extended\">\n\t\t\t\t\t<div class=\"elementor-column elementor-col-50 elementor-top-column elementor-element elementor-element-03305b1\" data-id=\"03305b1\" data-element_type=\"column\">\n\t\t\t<div class=\"elementor-widget-wrap elementor-element-populated\">\n\t\t\t\t\t\t<div class=\"elementor-element elementor-element-7a8573e elementor-widget elementor-widget-wgl-image-layers\" data-id=\"7a8573e\" data-element_type=\"widget\" data-widget_type=\"wgl-image-layers.default\">\n\t\t\t\t<div class=\"elementor-widget-container\">\n\t\t\t<div class=\"wgl-image-layers\"><div class=\"img-layer_image-wrapper slide_right\" style=\"z-index: 1\">\r\n                <div class=\"img-layer_item\" style=\"transform: translate(0%, 0%);\">\r\n                    <div class=\"img-layer_image\" style=\"transition: all 800ms; transition-delay: 600ms;\">\r\n                        <img decoding=\"async\" src=\"https:\/\/i0.wp.com\/www.flaviagoulart.com.br\/wp-content\/uploads\/2020\/07\/animacao_camadas_3-1.png?ssl=1\" alt=\"animacao_camadas_3-1\" data-recalc-dims=\"1\" \/>\r\n                    <\/div>\r\n                <\/div>\r\n            <\/div> <div class=\"img-layer_image-wrapper slide_right\" style=\"z-index: 1\">\r\n                <div class=\"img-layer_item\" style=\"transform: translate(0%, 0%);\">\r\n                    <div class=\"img-layer_image\" style=\"transition: all 800ms; transition-delay: 1200ms;\">\r\n                        <img decoding=\"async\" src=\"https:\/\/i0.wp.com\/www.flaviagoulart.com.br\/wp-content\/uploads\/2020\/07\/animacao_camadas_3-2.png?ssl=1\" alt=\"animacao_camadas_3-2\" data-recalc-dims=\"1\" \/>\r\n                    <\/div>\r\n                <\/div>\r\n            <\/div> <div class=\"img-layer_image-wrapper slide_left\" style=\"z-index: 1\">\r\n                <div class=\"img-layer_item\" style=\"transform: translate(0%, 0%);\">\r\n                    <div class=\"img-layer_image\" style=\"transition: all 800ms; transition-delay: 1800ms;\">\r\n                        <img decoding=\"async\" src=\"https:\/\/i0.wp.com\/www.flaviagoulart.com.br\/wp-content\/uploads\/2020\/07\/animacao_camadas_3-3.png?ssl=1\" alt=\"animacao_camadas_3-3\" data-recalc-dims=\"1\" \/>\r\n                    <\/div>\r\n                <\/div>\r\n            <\/div> <div class=\"img-layer_image-wrapper slide_left\" style=\"z-index: 1\">\r\n                <div class=\"img-layer_item\" style=\"transform: translate(0%, 0%);\">\r\n                    <div class=\"img-layer_image\" style=\"transition: all 800ms; transition-delay: 2400ms;\">\r\n                        <img decoding=\"async\" src=\"https:\/\/i0.wp.com\/www.flaviagoulart.com.br\/wp-content\/uploads\/2020\/07\/animacao_camadas_3-4.png?ssl=1\" alt=\"animacao_camadas_3-4\" data-recalc-dims=\"1\" \/>\r\n                    <\/div>\r\n                <\/div>\r\n            <\/div> <div class=\"img-layer_image-wrapper zoom_in\" style=\"z-index: 1\">\r\n                <div class=\"img-layer_item\" style=\"transform: translate(0%, 0%);\">\r\n                    <div class=\"img-layer_image\" style=\"transition: all 800ms; transition-delay: 3000ms;\">\r\n                        <img decoding=\"async\" src=\"https:\/\/i0.wp.com\/www.flaviagoulart.com.br\/wp-content\/uploads\/2020\/07\/animacao_camadas_3-5.png?ssl=1\" alt=\"animacao_camadas_3-5\" data-recalc-dims=\"1\" \/>\r\n                    <\/div>\r\n                <\/div>\r\n            <\/div> <\/div>\t\t<\/div>\n\t\t\t\t<\/div>\n\t\t\t\t\t<\/div>\n\t\t<\/div>\n\t\t\t\t<div class=\"elementor-column elementor-col-50 elementor-top-column elementor-element elementor-element-25c3e29\" data-id=\"25c3e29\" data-element_type=\"column\">\n\t\t\t<div class=\"elementor-widget-wrap elementor-element-populated\">\n\t\t\t\t\t\t<div class=\"elementor-element elementor-element-164586f elementor-hidden-mobile elementor-widget elementor-widget-spacer\" data-id=\"164586f\" data-element_type=\"widget\" data-widget_type=\"spacer.default\">\n\t\t\t\t<div class=\"elementor-widget-container\">\n\t\t\t\t\t<div class=\"elementor-spacer\">\n\t\t\t<div class=\"elementor-spacer-inner\"><\/div>\n\t\t<\/div>\n\t\t\t\t<\/div>\n\t\t\t\t<\/div>\n\t\t\t\t<div class=\"elementor-element elementor-element-c9e4432 acenter aleft elementor-widget elementor-widget-wgl-double-headings\" data-id=\"c9e4432\" data-element_type=\"widget\" data-widget_type=\"wgl-double-headings.default\">\n\t\t\t\t<div class=\"elementor-widget-container\">\n\t\t\t<div class=\"wgl-double_heading\">                <h3 class=\"dbl-title_wrapper\"><span class=\"dbl-title dbl-title_1\">Servi\u00e7os de Arquitetura e<\/span> <span class=\"dbl-title dbl-title_2\">\nDesign<\/span>                 <\/h3>        <\/div>\t\t<\/div>\n\t\t\t\t<\/div>\n\t\t\t\t<div class=\"elementor-element elementor-element-98ab948 elementor-widget__width-inherit elementor-widget elementor-widget-wgl-tabs\" data-id=\"98ab948\" data-element_type=\"widget\" data-widget_type=\"wgl-tabs.default\">\n\t\t\t\t<div class=\"elementor-widget-container\">\n\t\t\t        <div class=\"wgl-tabs tabs_align-justify   icon_position-top  \">\r\n\r\n            <div class=\"wgl-tabs_headings\">                    <h4 data-tab-id=\"wgl-tab_1601\" class=\"wgl-tabs_header\">\r\n                        <span class=\"wgl-tabs_title\">Arquitetura<\/span>\r\n\r\n                        \r\n                    <\/h4>\r\n\r\n                                    <h4 data-tab-id=\"wgl-tab_1602\" class=\"wgl-tabs_header\">\r\n                        <span class=\"wgl-tabs_title\">Design<\/span>\r\n\r\n                        \r\n                    <\/h4>\r\n\r\n                                    <h4 data-tab-id=\"wgl-tab_1603\" class=\"wgl-tabs_header\">\r\n                        <span class=\"wgl-tabs_title\">Modelagem 3D<\/span>\r\n\r\n                        \r\n                    <\/h4>\r\n\r\n                                    <h4 data-tab-id=\"wgl-tab_1604\" class=\"wgl-tabs_header\">\r\n                        <span class=\"wgl-tabs_title\">Gerenciamento de Obras<\/span>\r\n\r\n                        \r\n                    <\/h4>\r\n\r\n                            <\/div>\r\n\r\n            <div class=\"wgl-tabs_content-wrap\">                    <div data-tab-id=\"wgl-tab_1601\" class=\"wgl-tabs_content\">\r\n                    <ul><li style=\"text-align: justify;\">Projetos arquitet\u00f4nicos residenciais, corporativos, comerciais e cl\u00ednicas de sa\u00fade;<\/li><li style=\"text-align: justify;\">Concep\u00e7\u00e3o e Estudo de Layout;<\/li><li style=\"text-align: justify;\">Apresenta\u00e7\u00e3o de conceito arquitet\u00f4nico;<\/li><li style=\"text-align: justify;\">Projeto Executivo de Arquitetura;<\/li><li style=\"text-align: justify;\">Projeto detalhado - todas as informa\u00e7\u00f5es especificadas para execu\u00e7\u00e3o de uma obra planejada e organizada;<\/li><li style=\"text-align: justify;\">Dimensionamento, materiais, acabamentos, cortes e vistas arquitet\u00f4nicas;<\/li><li style=\"text-align: justify;\">Cronograma de obras.<\/li><\/ul>                    <\/div>\r\n\r\n                                    <div data-tab-id=\"wgl-tab_1602\" class=\"wgl-tabs_content\">\r\n                    <ul><li style=\"text-align: justify;\">Especializada em decora\u00e7\u00e3o, sempre atualizada com as \u00faltimas tend\u00eancias, orienta o cliente para a cria\u00e7\u00e3o de ambientes elegantes e sofisticados;<\/li><li style=\"text-align: justify;\">Estudo dos materiais, cores, texturas e acabamentos para cria\u00e7\u00e3o de um visual harmonioso e sofisticado na composi\u00e7\u00e3o dos ambientes;<\/li><li style=\"text-align: justify;\">Aux\u00edlio ao cliente na escolha de m\u00f3veis e pe\u00e7as de decora\u00e7\u00e3o exclusivas para cada espa\u00e7o;<\/li><li style=\"text-align: justify;\">Projetos personalizados para cada cliente;<\/li><li style=\"text-align: justify;\">Detalhamento de marcenaria, forro de gesso, ilumina\u00e7\u00e3o, entre outros pontos.<\/li><\/ul>                    <\/div>\r\n\r\n                                    <div data-tab-id=\"wgl-tab_1603\" class=\"wgl-tabs_content\">\r\n                    <ul><li style=\"text-align: justify;\">Visualize seu projeto em perspectivas 3D antes mesmo de ser executado;<\/li><li style=\"text-align: justify;\">Simula\u00e7\u00e3o visual de ambientes dos projetos desenvolvidos: as imagens 3D auxiliam muito a compreender melhor os espa\u00e7os e as solu\u00e7\u00f5es propostas;<\/li><li style=\"text-align: justify;\">O investimento com a obra ser\u00e1 feito com maior seguran\u00e7a, tendo em vista que as perspectivas 3D possibilitam visualizar como a obra ficar\u00e1 depois de conclu\u00edda.<\/li><\/ul>                    <\/div>\r\n\r\n                                    <div data-tab-id=\"wgl-tab_1604\" class=\"wgl-tabs_content\">\r\n                    <ul><li style=\"text-align: justify;\">Servi\u00e7os de planejamento da obra, execu\u00e7\u00e3o de cronograma f\u00edsico financeiro, gerenciamento da equipe de m\u00e3o de obra e dos demais fornecedores;<\/li><li style=\"text-align: justify;\">Execu\u00e7\u00e3o de or\u00e7amentos de materiais, buscando o melhor custo benef\u00edcio e evitando desperd\u00edcios em obra;<\/li><li style=\"text-align: justify;\">Acompanhamento de todos os servi\u00e7os executados em obra, orientando as equipes envolvidas, gerenciando prazo e qualidade dos servi\u00e7os;<\/li><li style=\"text-align: justify;\">Execu\u00e7\u00e3o de relat\u00f3rios peri\u00f3dicos, mantendo o cliente sempre atualizado sobre o andamento de sua obra;<\/li><\/ul>                    <\/div>\r\n\r\n                            <\/div>\r\n\r\n        <\/div>\r\n        \t\t<\/div>\n\t\t\t\t<\/div>\n\t\t\t\t\t<\/div>\n\t\t<\/div>\n\t\t\t\t\t<\/div>\n\t\t<\/section>\n\t\t\t\t<section class=\"elementor-section elementor-top-section elementor-element elementor-element-c955829 wgl-add-background-text elementor-section-boxed elementor-section-height-default elementor-section-height-default wgl-animation-background-text\" data-id=\"c955829\" data-element_type=\"section\">\n\t\t\t\t\t\t<div class=\"elementor-container elementor-column-gap-default\">\n\t\t\t\t\t<div class=\"elementor-column elementor-col-33 elementor-top-column elementor-element elementor-element-2f5ba96\" data-id=\"2f5ba96\" data-element_type=\"column\">\n\t\t\t<div class=\"elementor-widget-wrap elementor-element-populated\">\n\t\t\t\t\t\t<div class=\"elementor-element elementor-element-9ca1350 elementor-widget elementor-widget-spacer\" data-id=\"9ca1350\" data-element_type=\"widget\" data-widget_type=\"spacer.default\">\n\t\t\t\t<div class=\"elementor-widget-container\">\n\t\t\t\t\t<div class=\"elementor-spacer\">\n\t\t\t<div class=\"elementor-spacer-inner\"><\/div>\n\t\t<\/div>\n\t\t\t\t<\/div>\n\t\t\t\t<\/div>\n\t\t\t\t\t<\/div>\n\t\t<\/div>\n\t\t\t\t<div class=\"elementor-column elementor-col-33 elementor-top-column elementor-element elementor-element-2138878\" data-id=\"2138878\" data-element_type=\"column\">\n\t\t\t<div class=\"elementor-widget-wrap\">\n\t\t\t\t\t\t\t<\/div>\n\t\t<\/div>\n\t\t\t\t<div class=\"elementor-column elementor-col-33 elementor-top-column elementor-element elementor-element-796c85f\" data-id=\"796c85f\" data-element_type=\"column\">\n\t\t\t<div class=\"elementor-widget-wrap\">\n\t\t\t\t\t\t\t<\/div>\n\t\t<\/div>\n\t\t\t\t\t<\/div>\n\t\t<\/section>\n\t\t\t\t<section class=\"elementor-section elementor-top-section elementor-element elementor-element-8fe6747 elementor-section-boxed elementor-section-height-default elementor-section-height-default\" data-id=\"8fe6747\" data-element_type=\"section\">\n\t\t\t\t\t\t<div class=\"elementor-container elementor-column-gap-default\">\n\t\t\t\t\t<div class=\"elementor-column elementor-col-100 elementor-top-column elementor-element elementor-element-79b6875\" data-id=\"79b6875\" data-element_type=\"column\">\n\t\t\t<div class=\"elementor-widget-wrap elementor-element-populated\">\n\t\t\t\t\t\t<div class=\"elementor-element elementor-element-6cb7373 elementor-widget elementor-widget-spacer\" data-id=\"6cb7373\" data-element_type=\"widget\" data-widget_type=\"spacer.default\">\n\t\t\t\t<div class=\"elementor-widget-container\">\n\t\t\t\t\t<div class=\"elementor-spacer\">\n\t\t\t<div class=\"elementor-spacer-inner\"><\/div>\n\t\t<\/div>\n\t\t\t\t<\/div>\n\t\t\t\t<\/div>\n\t\t\t\t\t<\/div>\n\t\t<\/div>\n\t\t\t\t\t<\/div>\n\t\t<\/section>\n\t\t\t\t<section class=\"elementor-section elementor-top-section elementor-element elementor-element-975f693 elementor-section-boxed elementor-section-height-default elementor-section-height-default\" data-id=\"975f693\" data-element_type=\"section\">\n\t\t\t\t\t\t<div class=\"elementor-container elementor-column-gap-wider\">\n\t\t\t\t\t<div class=\"elementor-column elementor-col-25 elementor-top-column elementor-element elementor-element-722b25f\" data-id=\"722b25f\" data-element_type=\"column\">\n\t\t\t<div class=\"elementor-widget-wrap elementor-element-populated\">\n\t\t\t\t\t\t<div class=\"elementor-element elementor-element-5d3f036 elementor-view-framed elementor-widget-icon-box wgl-icon-box elementor-shape-circle elementor-position-top elementor-widget elementor-widget-wgl-info-box\" data-id=\"5d3f036\" data-element_type=\"widget\" data-widget_type=\"wgl-info-box.default\">\n\t\t\t\t<div class=\"elementor-widget-container\">\n\t\t\t<div class=\"wgl-infobox\"><div class=\"wgl-infobox_wrapper elementor-icon-box-wrapper\"><div class=\"wgl-infobox-icon_wrapper elementor-icon-box-icon\"><div class=\"wgl-infobox-icon_container\"><span class=\"wgl-icon elementor-icon elementor-animation-\" ><i class=\"icon flaticon-next\"><\/i><\/span><\/div><\/div><div class=\"wgl-infobox-content_wrapper elementor-icon-box-content\"><div class=\"wgl-infobox-title_wrapper\"><h3 class=\"wgl-infobox_title\">Concep\u00e7\u00e3o<\/h3><\/div><div class=\"wgl-infobox_content\"><p>Avalia\u00e7\u00e3o das necessidades do cliente, por meio de reuni\u00e3o e levantamento de ideias iniciais<em>.<\/em><\/p><\/div><\/div><\/div><\/div>\t\t<\/div>\n\t\t\t\t<\/div>\n\t\t\t\t\t<\/div>\n\t\t<\/div>\n\t\t\t\t<div class=\"elementor-column elementor-col-25 elementor-top-column elementor-element elementor-element-3721cb4\" data-id=\"3721cb4\" data-element_type=\"column\">\n\t\t\t<div class=\"elementor-widget-wrap elementor-element-populated\">\n\t\t\t\t\t\t<div class=\"elementor-element elementor-element-dbc29a6 elementor-view-framed elementor-widget-icon-box wgl-icon-box elementor-shape-circle elementor-position-top elementor-widget elementor-widget-wgl-info-box\" data-id=\"dbc29a6\" data-element_type=\"widget\" data-widget_type=\"wgl-info-box.default\">\n\t\t\t\t<div class=\"elementor-widget-container\">\n\t\t\t<div class=\"wgl-infobox\"><div class=\"wgl-infobox_wrapper elementor-icon-box-wrapper\"><div class=\"wgl-infobox-icon_wrapper elementor-icon-box-icon\"><div class=\"wgl-infobox-icon_container\"><span class=\"wgl-icon elementor-icon elementor-animation-\" ><i class=\"icon flaticon-next\"><\/i><\/span><\/div><\/div><div class=\"wgl-infobox-content_wrapper elementor-icon-box-content\"><div class=\"wgl-infobox-title_wrapper\"><h3 class=\"wgl-infobox_title\">Projeto<\/h3><\/div><div class=\"wgl-infobox_content\"><p>Elabora\u00e7\u00e3o de cronograma, projeto e modelagem 3D de acordo com o escopo definido pelo cliente.<\/p><\/div><\/div><\/div><\/div>\t\t<\/div>\n\t\t\t\t<\/div>\n\t\t\t\t\t<\/div>\n\t\t<\/div>\n\t\t\t\t<div class=\"elementor-column elementor-col-25 elementor-top-column elementor-element elementor-element-ee6dfd1\" data-id=\"ee6dfd1\" data-element_type=\"column\">\n\t\t\t<div class=\"elementor-widget-wrap elementor-element-populated\">\n\t\t\t\t\t\t<div class=\"elementor-element elementor-element-3aeee6c elementor-view-framed fornecedores-text elementor-widget-icon-box wgl-icon-box elementor-shape-circle elementor-position-top elementor-widget elementor-widget-wgl-info-box\" data-id=\"3aeee6c\" data-element_type=\"widget\" data-widget_type=\"wgl-info-box.default\">\n\t\t\t\t<div class=\"elementor-widget-container\">\n\t\t\t<div class=\"wgl-infobox\"><div class=\"wgl-infobox_wrapper elementor-icon-box-wrapper\"><div class=\"wgl-infobox-icon_wrapper elementor-icon-box-icon\"><div class=\"wgl-infobox-icon_container\"><span class=\"wgl-icon elementor-icon elementor-animation-\" ><i class=\"icon flaticon-next\"><\/i><\/span><\/div><\/div><div class=\"wgl-infobox-content_wrapper elementor-icon-box-content\"><div class=\"wgl-infobox-title_wrapper\"><h3 class=\"wgl-infobox_title\">Sele\u00e7\u00e3o de Fornecedores<\/h3><\/div><div class=\"wgl-infobox_content\"><p>Assessoramento ao cliente para sele\u00e7\u00e3o de fornecedores de materiais e prestadores de servi\u00e7os.<\/p><\/div><\/div><\/div><\/div>\t\t<\/div>\n\t\t\t\t<\/div>\n\t\t\t\t\t<\/div>\n\t\t<\/div>\n\t\t\t\t<div class=\"elementor-column elementor-col-25 elementor-top-column elementor-element elementor-element-47ec775\" data-id=\"47ec775\" data-element_type=\"column\">\n\t\t\t<div class=\"elementor-widget-wrap elementor-element-populated\">\n\t\t\t\t\t\t<div class=\"elementor-element elementor-element-7e201c7 elementor-view-framed elementor-widget-icon-box wgl-icon-box elementor-shape-circle elementor-position-top elementor-widget elementor-widget-wgl-info-box\" data-id=\"7e201c7\" data-element_type=\"widget\" data-widget_type=\"wgl-info-box.default\">\n\t\t\t\t<div class=\"elementor-widget-container\">\n\t\t\t<div class=\"wgl-infobox\"><div class=\"wgl-infobox_wrapper elementor-icon-box-wrapper\"><div class=\"wgl-infobox-icon_wrapper elementor-icon-box-icon\"><div class=\"wgl-infobox-icon_container\"><span class=\"wgl-icon elementor-icon elementor-animation-\" ><i class=\"icon flaticon-next\"><\/i><\/span><\/div><\/div><div class=\"wgl-infobox-content_wrapper elementor-icon-box-content\"><div class=\"wgl-infobox-title_wrapper\"><h3 class=\"wgl-infobox_title\">Execu\u00e7\u00e3o de Obra<\/h3><\/div><div class=\"wgl-infobox_content\"><p>Visitas t\u00e9cnicas peri\u00f3dicas ao local da obra, para acompanhamento, gerenciamento e fiscaliza\u00e7\u00e3o.<\/p><\/div><\/div><\/div><\/div>\t\t<\/div>\n\t\t\t\t<\/div>\n\t\t\t\t\t<\/div>\n\t\t<\/div>\n\t\t\t\t\t<\/div>\n\t\t<\/section>\n\t\t\t\t<\/div>\n\t\t","protected":false},"excerpt":{"rendered":"<p>Servi\u00e7os de Arquitetura e Design Arquitetura Design Modelagem 3D Gerenciamento de Obras Projetos arquitet\u00f4nicos residenciais, corporativos, comerciais e cl\u00ednicas de sa\u00fade; Concep\u00e7\u00e3o e Estudo de Layout; Apresenta\u00e7\u00e3o de conceito arquitet\u00f4nico; Projeto Executivo de Arquitetura; Projeto detalhado &#8211; todas as informa\u00e7\u00f5es especificadas para execu\u00e7\u00e3o de uma obra planejada e organizada; Dimensionamento, materiais, acabamentos, cortes e vistas [&hellip;]<\/p>\n","protected":false},"author":1,"featured_media":0,"parent":0,"menu_order":0,"comment_status":"closed","ping_status":"closed","template":"","meta":{"footnotes":""},"class_list":["post-811","page","type-page","status-publish","hentry"],"jetpack_sharing_enabled":true,"_links":{"self":[{"href":"https:\/\/www.flaviagoulart.com.br\/index.php\/wp-json\/wp\/v2\/pages\/811","targetHints":{"allow":["GET"]}}],"collection":[{"href":"https:\/\/www.flaviagoulart.com.br\/index.php\/wp-json\/wp\/v2\/pages"}],"about":[{"href":"https:\/\/www.flaviagoulart.com.br\/index.php\/wp-json\/wp\/v2\/types\/page"}],"author":[{"embeddable":true,"href":"https:\/\/www.flaviagoulart.com.br\/index.php\/wp-json\/wp\/v2\/users\/1"}],"replies":[{"embeddable":true,"href":"https:\/\/www.flaviagoulart.com.br\/index.php\/wp-json\/wp\/v2\/comments?post=811"}],"version-history":[{"count":73,"href":"https:\/\/www.flaviagoulart.com.br\/index.php\/wp-json\/wp\/v2\/pages\/811\/revisions"}],"predecessor-version":[{"id":4959,"href":"https:\/\/www.flaviagoulart.com.br\/index.php\/wp-json\/wp\/v2\/pages\/811\/revisions\/4959"}],"wp:attachment":[{"href":"https:\/\/www.flaviagoulart.com.br\/index.php\/wp-json\/wp\/v2\/media?parent=811"}],"curies":[{"name":"wp","href":"https:\/\/api.w.org\/{rel}","templated":true}]}}