{"id":1113,"date":"2019-07-04T12:17:09","date_gmt":"2019-07-04T12:17:09","guid":{"rendered":"http:\/\/stoni.wgl-demo.net\/?page_id=1113"},"modified":"2023-01-24T14:25:58","modified_gmt":"2023-01-24T17:25:58","slug":"about-me","status":"publish","type":"page","link":"https:\/\/www.flaviagoulart.com.br\/index.php\/about-me\/","title":{"rendered":"Perfil"},"content":{"rendered":"\t\t<div data-elementor-type=\"wp-post\" data-elementor-id=\"1113\" class=\"elementor elementor-1113\" data-elementor-post-type=\"page\">\n\t\t\t\t\t\t<section class=\"elementor-section elementor-top-section elementor-element elementor-element-5e69b42 elementor-section-full_width elementor-section-height-default elementor-section-height-default\" data-id=\"5e69b42\" data-element_type=\"section\" data-settings=\"{&quot;background_background&quot;:&quot;classic&quot;}\">\n\t\t\t\t\t\t<div class=\"elementor-container elementor-column-gap-no\">\n\t\t\t\t\t<div class=\"elementor-column elementor-col-33 elementor-top-column elementor-element elementor-element-966d76d elementor-invisible\" data-id=\"966d76d\" data-element_type=\"column\" id=\"foto-perfil\" data-settings=\"{&quot;animation&quot;:&quot;fadeInLeft&quot;}\">\n\t\t\t<div class=\"elementor-widget-wrap elementor-element-populated\">\n\t\t\t\t\t\t<div class=\"elementor-element elementor-element-346071d elementor-widget elementor-widget-image\" data-id=\"346071d\" data-element_type=\"widget\" data-widget_type=\"image.default\">\n\t\t\t\t<div class=\"elementor-widget-container\">\n\t\t\t<style>\/*! elementor - v3.22.0 - 17-06-2024 *\/\n.elementor-widget-image{text-align:center}.elementor-widget-image a{display:inline-block}.elementor-widget-image a img[src$=\".svg\"]{width:48px}.elementor-widget-image img{vertical-align:middle;display:inline-block}<\/style>\t\t\t\t\t\t\t\t\t\t<img decoding=\"async\" src=\"https:\/\/i0.wp.com\/www.flaviagoulart.com.br\/wp-content\/uploads\/2022\/08\/arquiteta_flavia_perfil_small.jpg?ssl=1\" title=\"\" alt=\"\" loading=\"lazy\" data-recalc-dims=\"1\" \/>\t\t\t\t\t\t\t\t\t\t\t\t\t<\/div>\n\t\t\t\t<\/div>\n\t\t\t\t\t<\/div>\n\t\t<\/div>\n\t\t\t\t<div class=\"elementor-column elementor-col-33 elementor-top-column elementor-element elementor-element-95d5f4a\" data-id=\"95d5f4a\" data-element_type=\"column\">\n\t\t\t<div class=\"elementor-widget-wrap elementor-element-populated\">\n\t\t\t\t\t\t<div class=\"elementor-element elementor-element-b1327d9 elementor-widget elementor-widget-spacer\" data-id=\"b1327d9\" data-element_type=\"widget\" data-widget_type=\"spacer.default\">\n\t\t\t\t<div class=\"elementor-widget-container\">\n\t\t\t<style>\/*! elementor - v3.22.0 - 17-06-2024 *\/\n.elementor-column .elementor-spacer-inner{height:var(--spacer-size)}.e-con{--container-widget-width:100%}.e-con-inner>.elementor-widget-spacer,.e-con>.elementor-widget-spacer{width:var(--container-widget-width,var(--spacer-size));--align-self:var(--container-widget-align-self,initial);--flex-shrink:0}.e-con-inner>.elementor-widget-spacer>.elementor-widget-container,.e-con>.elementor-widget-spacer>.elementor-widget-container{height:100%;width:100%}.e-con-inner>.elementor-widget-spacer>.elementor-widget-container>.elementor-spacer,.e-con>.elementor-widget-spacer>.elementor-widget-container>.elementor-spacer{height:100%}.e-con-inner>.elementor-widget-spacer>.elementor-widget-container>.elementor-spacer>.elementor-spacer-inner,.e-con>.elementor-widget-spacer>.elementor-widget-container>.elementor-spacer>.elementor-spacer-inner{height:var(--container-widget-height,var(--spacer-size))}.e-con-inner>.elementor-widget-spacer.elementor-widget-empty,.e-con>.elementor-widget-spacer.elementor-widget-empty{position:relative;min-height:22px;min-width:22px}.e-con-inner>.elementor-widget-spacer.elementor-widget-empty .elementor-widget-empty-icon,.e-con>.elementor-widget-spacer.elementor-widget-empty .elementor-widget-empty-icon{position:absolute;top:0;bottom:0;left:0;right:0;margin:auto;padding:0;width:22px;height:22px}<\/style>\t\t<div class=\"elementor-spacer\">\n\t\t\t<div class=\"elementor-spacer-inner\"><\/div>\n\t\t<\/div>\n\t\t\t\t<\/div>\n\t\t\t\t<\/div>\n\t\t\t\t<div class=\"elementor-element elementor-element-a11abe8 acenter aleft elementor-widget elementor-widget-wgl-double-headings\" data-id=\"a11abe8\" data-element_type=\"widget\" data-widget_type=\"wgl-double-headings.default\">\n\t\t\t\t<div class=\"elementor-widget-container\">\n\t\t\t<div class=\"wgl-double_heading\">                <h3 class=\"dbl-title_wrapper\"><span class=\"dbl-title dbl-title_1\">Flavia<\/span> <span class=\"dbl-title dbl-title_2\">Goulart<\/span>                 <\/h3>        <\/div>\t\t<\/div>\n\t\t\t\t<\/div>\n\t\t\t\t<div class=\"elementor-element elementor-element-8a71f33 elementor-widget elementor-widget-text-editor\" data-id=\"8a71f33\" data-element_type=\"widget\" data-widget_type=\"text-editor.default\">\n\t\t\t\t<div class=\"elementor-widget-container\">\n\t\t\t<style>\/*! elementor - v3.22.0 - 17-06-2024 *\/\n.elementor-widget-text-editor.elementor-drop-cap-view-stacked .elementor-drop-cap{background-color:#69727d;color:#fff}.elementor-widget-text-editor.elementor-drop-cap-view-framed .elementor-drop-cap{color:#69727d;border:3px solid;background-color:transparent}.elementor-widget-text-editor:not(.elementor-drop-cap-view-default) .elementor-drop-cap{margin-top:8px}.elementor-widget-text-editor:not(.elementor-drop-cap-view-default) .elementor-drop-cap-letter{width:1em;height:1em}.elementor-widget-text-editor .elementor-drop-cap{float:left;text-align:center;line-height:1;font-size:50px}.elementor-widget-text-editor .elementor-drop-cap-letter{display:inline-block}<\/style>\t\t\t\t<p style=\"text-align: center;\"><span style=\"color: #232323; font-size: 20px;\">Arquiteta e Urbanista <br \/><\/span><span style=\"color: #232323; font-size: 20px;\">CAU\u00a0<\/span><span style=\"color: #232323;\"><span style=\"font-size: 20px;\">A34792-2<\/span><\/span><\/p>\t\t\t\t\t\t<\/div>\n\t\t\t\t<\/div>\n\t\t\t\t<div class=\"elementor-element elementor-element-3da82a3 elementor-widget elementor-widget-text-editor\" data-id=\"3da82a3\" data-element_type=\"widget\" data-widget_type=\"text-editor.default\">\n\t\t\t\t<div class=\"elementor-widget-container\">\n\t\t\t\t\t\t\t<p style=\"text-align: justify;\">Fl\u00e1via Goulart \u00e9 natural de Curitiba, Paran\u00e1. Desde a inf\u00e2ncia teve a oportunidade de acompanhar obras de engenharia de grande porte com sua fam\u00edlia, dotada de v\u00e1rios profissionais da \u00e1rea de engenharia civil. Desde ent\u00e3o foi consolidando uma verdadeira paix\u00e3o pela constru\u00e7\u00e3o civil.<\/p><p style=\"text-align: justify;\">Se consolidou profissionalmente em Bras\u00edlia, de 2007 at\u00e9 ent\u00e3o, com in\u00fameros projetos voltados para \u00e1rea residencial e comercial. Al\u00e9m de dezenas de projetos desenvolvidos em arquitetura residencial , tamb\u00e9m foi arquiteta colaboradora na ANEEL (Ag\u00eancia Nacional de Energia El\u00e9trica) no per\u00edodo de 2011 a 2016. Tamb\u00e9m atuou no Grupo DASA (Laborat\u00f3rios Exame) no per\u00edodo de 2018 a 2020, prestando servi\u00e7os na \u00e1rea de arquitetura hospitalar e de laborat\u00f3rios.<\/p><p style=\"text-align: justify;\">Atrav\u00e9s do curso de P\u00f3s-Gradua\u00e7\u00e3o (2013), a arquiteta teve oportunidade de visitar grandes escrit\u00f3rios internacionais na cidade de Londres, Inglaterra, tais como: Norman Foster e Zaha Hadid. Na cidade de Copenhague, Dinamarca o escrit\u00f3rio do grupo BIG \u2013 Bjarke Ingels Group. Tem, ainda, participado de in\u00fameros eventos em amostras; palestras e visitas t\u00e9cnicas em f\u00e1bricas especializadas de materiais construtivos.<\/p><p style=\"text-align: justify;\">Seu interesse no acompanhamento da obra junto ao cliente \u00e9 algo motivador e gratificante.<\/p><p style=\"text-align: justify;\"><em>\u201cA oportunidade de acompanhamento da obra para mim \u00e9 um privil\u00e9gio, pois a concep\u00e7\u00e3o do projeto torna-se realidade, as formas, volumes, cores e texturas s\u00e3o exploradas ao m\u00e1ximo com perfeita sintonia na execu\u00e7\u00e3o da obra. Discuss\u00f5es e melhores encaixes s\u00e3o por mim verificados com maior precis\u00e3o e cautela\u201d.<\/em><\/p>\t\t\t\t\t\t<\/div>\n\t\t\t\t<\/div>\n\t\t\t\t<section class=\"elementor-section elementor-inner-section elementor-element elementor-element-3e4ba7a elementor-section-boxed elementor-section-height-default elementor-section-height-default\" data-id=\"3e4ba7a\" data-element_type=\"section\">\n\t\t\t\t\t\t<div class=\"elementor-container elementor-column-gap-default\">\n\t\t\t\t\t<div class=\"elementor-column elementor-col-100 elementor-inner-column elementor-element elementor-element-532a5bc\" data-id=\"532a5bc\" data-element_type=\"column\">\n\t\t\t<div class=\"elementor-widget-wrap elementor-element-populated\">\n\t\t\t\t\t\t<div class=\"elementor-element elementor-element-936af0d elementor-widget elementor-widget-text-editor\" data-id=\"936af0d\" data-element_type=\"widget\" data-widget_type=\"text-editor.default\">\n\t\t\t\t<div class=\"elementor-widget-container\">\n\t\t\t\t\t\t\t<h5 style=\"margin-bottom: 17px; padding-left: 40px;\"><span style=\"font-family: inherit; font-weight: inherit;\">Forma\u00e7\u00e3o<br \/><\/span><\/h5><ul><li style=\"text-decoration: underline; text-align: left;\">Arquitetura e Urbanismo &#8211; Universidade Metodista de Piracicaba, SP (2002)<\/li><li style=\"text-decoration: underline; text-align: left;\">P\u00f3s-gradua\u00e7\u00e3o \u201cMaster em Arquitetura\u201d, Instituto de P\u00f3s-gradua\u00e7\u00e3o de Goi\u00e2nia \u2013 IPOG,\u00a0 Bras\u00edlia, DF (2013)<\/li><\/ul>\t\t\t\t\t\t<\/div>\n\t\t\t\t<\/div>\n\t\t\t\t\t<\/div>\n\t\t<\/div>\n\t\t\t\t\t<\/div>\n\t\t<\/section>\n\t\t\t\t<div class=\"elementor-element elementor-element-5a78e0b elementor-hidden-mobile elementor-widget elementor-widget-spacer\" data-id=\"5a78e0b\" data-element_type=\"widget\" data-widget_type=\"spacer.default\">\n\t\t\t\t<div class=\"elementor-widget-container\">\n\t\t\t\t\t<div class=\"elementor-spacer\">\n\t\t\t<div class=\"elementor-spacer-inner\"><\/div>\n\t\t<\/div>\n\t\t\t\t<\/div>\n\t\t\t\t<\/div>\n\t\t\t\t<div class=\"elementor-element elementor-element-8b44a58 elementor-align-center elementor-widget-icon-box wgl-icon-box elementor-widget elementor-widget-wgl-button\" data-id=\"8b44a58\" data-element_type=\"widget\" data-widget_type=\"wgl-button.default\">\n\t\t\t\t<div class=\"elementor-widget-container\">\n\t\t\t            <div class=\"elementor-button-wrapper\">\r\n                <a href=\"index.php\/portfolio-fotos\/\" class=\"wgl-button elementor-button elementor-size-lg elementor-animation-\" role=\"button\">\r\n                    <span class=\"elementor-button-content-wrapper elementor-align-icon-left\"><div class=\"elementor-button-wrapper elementor-button-icon wgl-widget_wrapper\"><div class=\"wgl-widget_container\"><span class=\"wgl-icon elementor-icon\" ><i class=\"icon fa fa-book\"><\/i><\/span><\/div><\/div><span class=\"elementor-button-text\">Portf\u00f3lio de projetos<\/span><\/span>                <\/a>\r\n            <\/div>\r\n            \t\t<\/div>\n\t\t\t\t<\/div>\n\t\t\t\t\t<\/div>\n\t\t<\/div>\n\t\t\t\t<div class=\"elementor-column elementor-col-33 elementor-top-column elementor-element elementor-element-5594be8\" data-id=\"5594be8\" data-element_type=\"column\">\n\t\t\t<div class=\"elementor-widget-wrap\">\n\t\t\t\t\t\t\t<\/div>\n\t\t<\/div>\n\t\t\t\t\t<\/div>\n\t\t<\/section>\n\t\t\t\t<section class=\"elementor-section elementor-top-section elementor-element elementor-element-6b0769c wgl-add-background-text elementor-section-boxed elementor-section-height-default elementor-section-height-default wgl-animation-background-text\" data-id=\"6b0769c\" data-element_type=\"section\">\n\t\t\t\t\t\t<div class=\"elementor-container elementor-column-gap-default\">\n\t\t\t\t\t<div class=\"elementor-column elementor-col-100 elementor-top-column elementor-element elementor-element-479fac2\" data-id=\"479fac2\" data-element_type=\"column\">\n\t\t\t<div class=\"elementor-widget-wrap elementor-element-populated\">\n\t\t\t\t\t\t<div class=\"elementor-element elementor-element-66728a3 acenter elementor-widget elementor-widget-wgl-double-headings\" data-id=\"66728a3\" data-element_type=\"widget\" data-widget_type=\"wgl-double-headings.default\">\n\t\t\t\t<div class=\"elementor-widget-container\">\n\t\t\t<div class=\"wgl-double_heading\"><a class=\"dbl-title_link\" href=\"index.php\/profissionais-parceiros\">                <h3 class=\"dbl-title_wrapper\"><span class=\"dbl-title dbl-title_1\">Equipe de<\/span> <span class=\"dbl-title dbl-title_3\">Profissionais<\/span>                 <\/h3><\/a>        <\/div>\t\t<\/div>\n\t\t\t\t<\/div>\n\t\t\t\t<div class=\"elementor-section elementor-inner-section elementor-element elementor-element-13e2c36 elementor-section-full_width elementor-section-content-middle elementor-section-height-default elementor-section-height-default\" data-id=\"13e2c36\" data-element_type=\"section\">\n\t\t\t\t\t\t<div class=\"elementor-container elementor-column-gap-default\">\n\t\t\t\t\t<div class=\"elementor-column elementor-col-100 elementor-inner-column elementor-element elementor-element-cdef24c\" data-id=\"cdef24c\" data-element_type=\"column\">\n\t\t\t<div class=\"elementor-widget-wrap elementor-element-populated\">\n\t\t\t\t\t\t<div class=\"elementor-element elementor-element-87bf373 elementor-widget__width-initial elementor-widget-mobile__width-initial elementor-widget elementor-widget-wgl-team\" data-id=\"87bf373\" data-element_type=\"widget\" data-widget_type=\"wgl-team.default\">\n\t\t\t\t<div class=\"elementor-widget-container\">\n\t\t\t\r\n        <div id=stoni_team_69d123603b700 class=\"wgl_module_team team-col_2 acenter\">\r\n            <div class=\"team-items_wrap\"  style=\"margin-right:-25px; margin-left:-25px;\" >\r\n                <div class=\"team-item grayscale_image\" style=\"padding-right:25px; padding-left:25px; padding-bottom:50px;\"><div class=\"team-item_wrap\"><div class=\"team-item_content\"><div class=\"team-image\"><img decoding=\"async\" src=\"https:\/\/i0.wp.com\/www.flaviagoulart.com.br\/wp-content\/uploads\/2019\/06\/gardenia_assistente_arq-1-e1661394382387-860x1000.jpg?resize=860%2C1000&#038;ssl=1\" alt=\"\" data-recalc-dims=\"1\" \/><\/div><\/div><div class=\"team-item_info\"><div class=\"team-item_titles\"><h2 class=\"team-title\"><a href=\"https:\/\/www.flaviagoulart.com.br\/index.php\/team\/gardenia-rocha\/\">Gard\u00eania Rocha<\/a><\/h2><div class=\"team-department\">Assistente t\u00e9cnica<\/div><\/div><div class=\"team-item_excerpt\"><\/div><\/div><\/div><\/div><div class=\"team-item grayscale_image\" style=\"padding-right:25px; padding-left:25px; padding-bottom:50px;\"><div class=\"team-item_wrap\"><div class=\"team-item_content\"><div class=\"team-image\"><img decoding=\"async\" src=\"https:\/\/i0.wp.com\/www.flaviagoulart.com.br\/wp-content\/uploads\/2021\/12\/arthur_assistente_tecnico-e1661394421875-860x1000.jpg?resize=860%2C1000&#038;ssl=1\" alt=\"\" data-recalc-dims=\"1\" \/><div class=\"team-info_icons\"><a href=\"https:\/\/www.linkedin.com\/in\/arthur-c%C3%A9sar-9ba974226\/\" class=\"team-icon fa fa-linkedin\"><\/a><a href=\"https:\/\/www.instagram.com\/arthurcsrr\/\" class=\"team-icon fa fa-instagram\"><\/a><a href=\"mailto: cesararthur22@gmail.com\" class=\"team-icon fa fa-envelope-o\"><\/a><\/div><\/div><\/div><div class=\"team-item_info\"><div class=\"team-item_titles\"><h2 class=\"team-title\"><a href=\"https:\/\/www.flaviagoulart.com.br\/index.php\/team\/arthur-cesar\/\">Arthur C\u00e9sar<\/a><\/h2><div class=\"team-department\">Assistente t\u00e9cnico<\/div><\/div><div class=\"team-item_excerpt\"><\/div><\/div><\/div><\/div>            <\/div>\r\n        <\/div>\r\n\r\n        \t\t<\/div>\n\t\t\t\t<\/div>\n\t\t\t\t\t<\/div>\n\t\t<\/div>\n\t\t\t\t\t<\/div>\n\t\t<\/div>\n\t\t\t\t\t<\/div>\n\t\t<\/div>\n\t\t\t\t\t<\/div>\n\t\t<\/section>\n\t\t\t\t<\/div>\n\t\t","protected":false},"excerpt":{"rendered":"<p>Flavia Goulart Arquiteta e Urbanista CAU\u00a0A34792-2 Fl\u00e1via Goulart \u00e9 natural de Curitiba, Paran\u00e1. Desde a inf\u00e2ncia teve a oportunidade de acompanhar obras de engenharia de grande porte com sua fam\u00edlia, dotada de v\u00e1rios profissionais da \u00e1rea de engenharia civil. Desde ent\u00e3o foi consolidando uma verdadeira paix\u00e3o pela constru\u00e7\u00e3o civil. Se consolidou profissionalmente em Bras\u00edlia, de [&hellip;]<\/p>\n","protected":false},"author":1,"featured_media":0,"parent":0,"menu_order":0,"comment_status":"closed","ping_status":"closed","template":"","meta":{"footnotes":""},"class_list":["post-1113","page","type-page","status-publish","hentry"],"jetpack_sharing_enabled":true,"_links":{"self":[{"href":"https:\/\/www.flaviagoulart.com.br\/index.php\/wp-json\/wp\/v2\/pages\/1113","targetHints":{"allow":["GET"]}}],"collection":[{"href":"https:\/\/www.flaviagoulart.com.br\/index.php\/wp-json\/wp\/v2\/pages"}],"about":[{"href":"https:\/\/www.flaviagoulart.com.br\/index.php\/wp-json\/wp\/v2\/types\/page"}],"author":[{"embeddable":true,"href":"https:\/\/www.flaviagoulart.com.br\/index.php\/wp-json\/wp\/v2\/users\/1"}],"replies":[{"embeddable":true,"href":"https:\/\/www.flaviagoulart.com.br\/index.php\/wp-json\/wp\/v2\/comments?post=1113"}],"version-history":[{"count":122,"href":"https:\/\/www.flaviagoulart.com.br\/index.php\/wp-json\/wp\/v2\/pages\/1113\/revisions"}],"predecessor-version":[{"id":4469,"href":"https:\/\/www.flaviagoulart.com.br\/index.php\/wp-json\/wp\/v2\/pages\/1113\/revisions\/4469"}],"wp:attachment":[{"href":"https:\/\/www.flaviagoulart.com.br\/index.php\/wp-json\/wp\/v2\/media?parent=1113"}],"curies":[{"name":"wp","href":"https:\/\/api.w.org\/{rel}","templated":true}]}}